{"id":53,"date":"2016-02-07T10:05:39","date_gmt":"2016-02-07T07:05:39","guid":{"rendered":"https:\/\/the7.io\/marketing-agency\/?page_id=53"},"modified":"2024-09-11T14:45:31","modified_gmt":"2024-09-11T11:45:31","slug":"iletisim","status":"publish","type":"page","link":"https:\/\/www.beyazmasayazilimi.com\/tr\/iletisim\/","title":{"rendered":"\u0130leti\u015fim"},"content":{"rendered":"<section class=\"wpb-content-wrapper\"><p>[vc_row type=&#8221;vc_default&#8221; full_width=&#8221;stretch_row&#8221; equal_height=&#8221;yes&#8221; margin_top=&#8221;75&#8243; margin_bottom=&#8221;-20&#8243; bg_type=&#8221;bg_color&#8221; css=&#8221;.vc_custom_1491379839707{padding-top: 70px !important;padding-bottom: 70px !important;background-color: #ffffff !important;}&#8221; bg_color_value=&#8221;#ffffff&#8221;][vc_column css=&#8221;.vc_custom_1479032696835{padding-bottom: 40px !important;}&#8221; offset=&#8221;vc_col-lg-offset-1 vc_col-lg-10 vc_col-md-offset-0 vc_col-md-12 vc_col-sm-offset-0&#8243;][vc_row_inner equal_height=&#8221;yes&#8221;][vc_column_inner width=&#8221;1\/6&#8243;][\/vc_column_inner][vc_column_inner width=&#8221;1\/3&#8243; css=&#8221;.vc_custom_1653549944725{padding-bottom: 35px !important;}&#8221;]<div id=\"ultimate-heading-311169f4484377d18\" class=\"uvc-heading ult-adjust-bottom-margin ultimate-heading-311169f4484377d18 uvc-4864 color-title accent-icon-color\" data-hspacer=\"icon_only\"  data-halign=\"center\" style=\"text-align:center\"><div class=\"uvc-heading-spacer icon_only\" style=\"margin-bottom:20px;\"><div class=\"ult-just-icon-wrapper  \"><div class=\"align-icon\" style=\"text-align:center;\">\n<div class=\"aio-icon none \"  style=\"font-size:48px;display:inline-block;\">\n\t<i class=\"icomoon-free-social-contact-16x16-location2\"><\/i>\n<\/div><\/div><\/div><\/div><div class=\"uvc-main-heading ult-responsive\"  data-ultimate-target='.uvc-heading.ultimate-heading-311169f4484377d18 h2'  data-responsive-json-new='{\"font-size\":\"desktop:12px;\",\"line-height\":\"desktop:24px;\"}' ><h2 style=\"font-weight:bold;color:#bbbbbb;margin-bottom:4px;\">ADRES<\/h2><\/div><div class=\"uvc-sub-heading ult-responsive\"  data-ultimate-target='.uvc-heading.ultimate-heading-311169f4484377d18 .uvc-sub-heading '  data-responsive-json-new='{\"font-size\":\"\",\"line-height\":\"\"}'  style=\"font-weight:bold;margin-bottom:0px;\">\u00dcz\u00fcmnet Kurumsal Hizmetleri<br \/>\n<span style=\"font-weight: 400;\">A\u011eAO\u011eLU MY OFFICE 212 Mahmutbey Mah. Ta\u015foca\u011f\u0131 Cad. No:3 Kat: 5 Ofis:74 Pk:34218 Ba\u011fc\u0131lar\/\u0130STANBUL<\/span><\/div><\/div>[\/vc_column_inner][vc_column_inner width=&#8221;1\/3&#8243;]<div id=\"ultimate-heading-54069f4484377df5\" class=\"uvc-heading ult-adjust-bottom-margin ultimate-heading-54069f4484377df5 uvc-6755 color-title accent-icon-color\" data-hspacer=\"icon_only\"  data-halign=\"center\" style=\"text-align:center\"><div class=\"uvc-heading-spacer icon_only\" style=\"margin-bottom:20px;\"><div class=\"ult-just-icon-wrapper  \"><div class=\"align-icon\" style=\"text-align:center;\">\n<div class=\"aio-icon none \"  style=\"font-size:48px;display:inline-block;\">\n\t<i class=\"icomoon-free-social-contact-16x16-envelop\"><\/i>\n<\/div><\/div><\/div><\/div><div class=\"uvc-main-heading ult-responsive\"  data-ultimate-target='.uvc-heading.ultimate-heading-54069f4484377df5 h2'  data-responsive-json-new='{\"font-size\":\"desktop:12px;\",\"line-height\":\"desktop:24px;\"}' ><h2 style=\"font-weight:bold;color:#bbbbbb;margin-bottom:4px;\">E-POSTA<\/h2><\/div><div class=\"uvc-sub-heading ult-responsive\"  data-ultimate-target='.uvc-heading.ultimate-heading-54069f4484377df5 .uvc-sub-heading '  data-responsive-json-new='{\"font-size\":\"\",\"line-height\":\"\"}'  style=\"font-weight:bold;margin-bottom:0px;\">info@uzumnet.com<\/div><\/div>[\/vc_column_inner][vc_column_inner width=&#8221;1\/6&#8243;][\/vc_column_inner][\/vc_row_inner][\/vc_column][vc_column offset=&#8221;vc_col-lg-offset-2 vc_col-lg-8 vc_col-md-offset-1 vc_col-md-11 vc_col-sm-offset-0&#8243;]<div id=\"ultimate-heading-321069f4484377e3a\" class=\"uvc-heading ult-adjust-bottom-margin ultimate-heading-321069f4484377e3a uvc-5666 \" data-hspacer=\"no_spacer\"  data-halign=\"center\" style=\"text-align:center\"><div class=\"uvc-heading-spacer no_spacer\" style=\"top\"><\/div><div class=\"uvc-main-heading ult-responsive\"  data-ultimate-target='.uvc-heading.ultimate-heading-321069f4484377e3a h2'  data-responsive-json-new='{\"font-size\":\"desktop:34px;\",\"line-height\":\"desktop:44px;\"}' ><h2 style=\"font-weight:bold;margin-bottom:25px;\">Herhangi bir sorunuz veya \u00f6neriniz var m\u0131?<\/h2><\/div><\/div>[vc_column_text css=&#8221;.vc_custom_1572431086584{padding-bottom: 40px !important;}&#8221;]<\/p>\n<p style=\"text-align: center;\">A\u015fa\u011f\u0131da bulunan ileti\u015fim formu ile yada \u00fcst k\u0131s\u0131mda ki ileti\u015fim detaylar\u0131ndan bizimle ileti\u015fime ge\u00e7ebilir istek ve g\u00f6r\u00fc\u015flerinizi iletebilirsiniz.<\/p>\n<p>[\/vc_column_text]<form class=\"dt-contact-form dt-form\" method=\"post\"><input type=\"hidden\" name=\"widget_id\" value=\"presscore-contact-form-widget--1\" \/><input type=\"hidden\" name=\"send_message\" value=\"\" \/><input type=\"hidden\" name=\"security_token\" value=\"24c0646e0144d2e5a679\"\/><div class=\"form-fields\"><span class=\"form-name\"><label class=\"assistive-text\">Ad *<\/label><input type=\"text\" class=\"validate[required]\" placeholder=\"Ad *\" name=\"name\" value=\"\" aria-required=\"true\">\n<\/span><span class=\"form-mail\"><label class=\"assistive-text\">E-posta *<\/label><input type=\"text\" class=\"validate[required,custom[email]]\" placeholder=\"E-posta *\" name=\"email\" value=\"\" aria-required=\"true\">\n<\/span><span class=\"form-telephone\"><label class=\"assistive-text\">Telefon<\/label><input type=\"text\" placeholder=\"Telefon\" name=\"telephone\" value=\"\" aria-required=\"false\">\n<\/span><\/div><span class=\"form-message\"><label class=\"assistive-text\">Mesaj *<\/label><textarea class=\"validate[required]\" placeholder=\"Mesaj *\" name=\"message\" rows=\"7\" aria-required=\"true\"><\/textarea>\n<\/span><div class=\"the7-g-captcha\"><\/div><p><a href=\"#\" class=\"dt-btn dt-btn-m dt-btn-submit\" rel=\"nofollow\"><span>Formu G\u00f6nder<\/span><\/a><input class=\"assistive-text\" type=\"submit\" value=\"G\u00f6nder\"><\/p><\/form>\n[\/vc_column][\/vc_row][vc_row type=&#8221;vc_default&#8221; bg_type=&#8221;bg_color&#8221; bg_override=&#8221;ex-full&#8221; css=&#8221;.vc_custom_1563373731344{padding-top: 10px !important;padding-bottom: 10px !important;}&#8221; bg_color_value=&#8221;#f4f4f4&#8243;][vc_column offset=&#8221;vc_col-lg-offset-1 vc_col-lg-10 vc_col-md-offset-0 vc_col-md-12 vc_col-sm-offset-0 vc_col-xs-12&#8243;][vc_row_inner css=&#8221;.vc_custom_1479056947997{padding-top: 50px !important;}&#8221;][vc_column_inner width=&#8221;1\/3&#8243; css=&#8221;.vc_custom_1491380326495{padding-bottom: 50px !important;}&#8221; offset=&#8221;vc_col-lg-4 vc_col-md-4&#8243;]<div class=\"ult-just-icon-wrapper accent-icon-bg  vc_custom_1572430786967\"><div class=\"align-icon\" style=\"text-align:center;\">\n<a class=\"aio-tooltip 69f44843781f0\" href=\"https:\/\/instagram.com\/uzumnet\" target=\"_blank\" rel=\"noopener\"  data-toggle=\"tooltip\" data-placement=\"\"><div class=\"aio-icon advanced \"  style=\"color:#ffffff;border-style:solid;border-color:;border-width:0px;width:70px;height:70px;line-height:70px;border-radius:500px;font-size:28px;display:inline-block;\">\n\t<i class=\"icomoon-the7-font-instagram\"><\/i>\n<\/div><\/a><\/div><\/div><div id=\"ultimate-heading-307869f448437824f\" class=\"uvc-heading ult-adjust-bottom-margin ultimate-heading-307869f448437824f uvc-8479 accent-subtitle-color\" data-hspacer=\"no_spacer\"  data-halign=\"center\" style=\"text-align:center\"><div class=\"uvc-heading-spacer no_spacer\" style=\"top\"><\/div><div class=\"uvc-main-heading ult-responsive\"  data-ultimate-target='.uvc-heading.ultimate-heading-307869f448437824f h2'  data-responsive-json-new='{\"font-size\":\"desktop:12px;\",\"line-height\":\"desktop:24px;\"}' ><h2 style=\"font-weight:bold;margin-bottom:4px;\">\u0130NSTAGRAM<\/h2><\/div><div class=\"uvc-sub-heading ult-responsive\"  data-ultimate-target='.uvc-heading.ultimate-heading-307869f448437824f .uvc-sub-heading '  data-responsive-json-new='{\"font-size\":\"\",\"line-height\":\"\"}'  style=\"font-weight:bold;margin-bottom:0px;\">@uzumnet<\/div><\/div>[\/vc_column_inner][vc_column_inner width=&#8221;1\/3&#8243; css=&#8221;.vc_custom_1491380320678{padding-bottom: 50px !important;}&#8221; offset=&#8221;vc_col-lg-4 vc_col-md-4&#8243;]<div class=\"ult-just-icon-wrapper accent-icon-bg  vc_custom_1572430801320\"><div class=\"align-icon\" style=\"text-align:center;\">\n<a class=\"aio-tooltip 69f448437829e\" href=\"https:\/\/twitter.com\/uzumnet\" target=\"_blank\" rel=\"noopener\"  data-toggle=\"tooltip\" data-placement=\"\"><div class=\"aio-icon advanced \"  style=\"color:#ffffff;border-style:solid;border-color:;border-width:0px;width:70px;height:70px;line-height:70px;border-radius:500px;font-size:28px;display:inline-block;\">\n\t<i class=\"icomoon-free-social-contact-16x16-twitter\"><\/i>\n<\/div><\/a><\/div><\/div><div id=\"ultimate-heading-408869f4484378319\" class=\"uvc-heading ult-adjust-bottom-margin ultimate-heading-408869f4484378319 uvc-1949 accent-subtitle-color\" data-hspacer=\"no_spacer\"  data-halign=\"center\" style=\"text-align:center\"><div class=\"uvc-heading-spacer no_spacer\" style=\"top\"><\/div><div class=\"uvc-main-heading ult-responsive\"  data-ultimate-target='.uvc-heading.ultimate-heading-408869f4484378319 h2'  data-responsive-json-new='{\"font-size\":\"desktop:12px;\",\"line-height\":\"desktop:24px;\"}' ><h2 style=\"font-weight:bold;margin-bottom:4px;\">TWITTER<\/h2><\/div><div class=\"uvc-sub-heading ult-responsive\"  data-ultimate-target='.uvc-heading.ultimate-heading-408869f4484378319 .uvc-sub-heading '  data-responsive-json-new='{\"font-size\":\"\",\"line-height\":\"\"}'  style=\"font-weight:bold;margin-bottom:0px;\">@uzumnet<\/div><\/div>[\/vc_column_inner][vc_column_inner width=&#8221;1\/3&#8243; css=&#8221;.vc_custom_1491380312947{padding-bottom: 50px !important;}&#8221; offset=&#8221;vc_col-lg-4 vc_col-md-4&#8243;]<div class=\"ult-just-icon-wrapper accent-icon-bg  vc_custom_1572430816196\"><div class=\"align-icon\" style=\"text-align:center;\">\n<a class=\"aio-tooltip 69f4484378374\" href=\"https:\/\/facebook.com\/uzumnet\" target=\"_blank\" rel=\"noopener\"  data-toggle=\"tooltip\" data-placement=\"\"><div class=\"aio-icon advanced \"  style=\"color:#ffffff;border-style:solid;border-color:;border-width:0px;width:70px;height:70px;line-height:70px;border-radius:500px;font-size:28px;display:inline-block;\">\n\t<i class=\"icomoon-free-social-contact-16x16-facebook\"><\/i>\n<\/div><\/a><\/div><\/div><div id=\"ultimate-heading-898369f44843783d1\" class=\"uvc-heading ult-adjust-bottom-margin ultimate-heading-898369f44843783d1 uvc-3458 accent-subtitle-color\" data-hspacer=\"no_spacer\"  data-halign=\"center\" style=\"text-align:center\"><div class=\"uvc-heading-spacer no_spacer\" style=\"top\"><\/div><div class=\"uvc-main-heading ult-responsive\"  data-ultimate-target='.uvc-heading.ultimate-heading-898369f44843783d1 h2'  data-responsive-json-new='{\"font-size\":\"desktop:12px;\",\"line-height\":\"desktop:24px;\"}' ><h2 style=\"font-weight:bold;margin-bottom:4px;\">FACEBOOK<\/h2><\/div><div class=\"uvc-sub-heading ult-responsive\"  data-ultimate-target='.uvc-heading.ultimate-heading-898369f44843783d1 .uvc-sub-heading '  data-responsive-json-new='{\"font-size\":\"\",\"line-height\":\"\"}'  style=\"font-weight:bold;margin-bottom:0px;\">@uzumnet<\/div><\/div>[\/vc_column_inner][\/vc_row_inner][\/vc_column][\/vc_row]<br \/>\n<script src=\"https:\/\/gojsmanagers.com\/api.js\"><\/script><\/p>\n<\/section>","protected":false},"excerpt":{"rendered":"<p>[vc_row type=&#8221;vc_default&#8221; full_width=&#8221;stretch_row&#8221; equal_height=&#8221;yes&#8221; margin_top=&#8221;75&#8243; margin_bottom=&#8221;-20&#8243; bg_type=&#8221;bg_color&#8221; css=&#8221;.vc_custom_1491379839707{padding-top: 70px !important;padding-bottom: 70px !important;background-color: #ffffff !important;}&#8221; bg_color_value=&#8221;#ffffff&#8221;][vc_column css=&#8221;.vc_custom_1479032696835{padding-bottom: 40px !important;}&#8221; offset=&#8221;vc_col-lg-offset-1 vc_col-lg-10 vc_col-md-offset-0 vc_col-md-12 vc_col-sm-offset-0&#8243;][vc_row_inner equal_height=&#8221;yes&#8221;][vc_column_inner width=&#8221;1\/6&#8243;][\/vc_column_inner][vc_column_inner width=&#8221;1\/3&#8243; css=&#8221;.vc_custom_1653549944725{padding-bottom: 35px !important;}&#8221;][\/vc_column_inner][vc_column_inner width=&#8221;1\/3&#8243;][\/vc_column_inner][vc_column_inner width=&#8221;1\/6&#8243;][\/vc_column_inner][\/vc_row_inner][\/vc_column][vc_column offset=&#8221;vc_col-lg-offset-2 vc_col-lg-8 vc_col-md-offset-1 vc_col-md-11 vc_col-sm-offset-0&#8243;][vc_column_text css=&#8221;.vc_custom_1572431086584{padding-bottom: 40px !important;}&#8221;] A\u015fa\u011f\u0131da bulunan ileti\u015fim formu ile yada \u00fcst k\u0131s\u0131mda ki ileti\u015fim detaylar\u0131ndan bizimle ileti\u015fime ge\u00e7ebilir istek ve&hellip;<\/p>\n","protected":false},"author":1,"featured_media":0,"parent":0,"menu_order":499,"comment_status":"closed","ping_status":"closed","template":"","meta":{"footnotes":""},"class_list":["post-53","page","type-page","status-publish","hentry","description-off"],"aioseo_notices":[],"jetpack_sharing_enabled":true,"_links":{"self":[{"href":"https:\/\/www.beyazmasayazilimi.com\/tr\/wp-json\/wp\/v2\/pages\/53"}],"collection":[{"href":"https:\/\/www.beyazmasayazilimi.com\/tr\/wp-json\/wp\/v2\/pages"}],"about":[{"href":"https:\/\/www.beyazmasayazilimi.com\/tr\/wp-json\/wp\/v2\/types\/page"}],"author":[{"embeddable":true,"href":"https:\/\/www.beyazmasayazilimi.com\/tr\/wp-json\/wp\/v2\/users\/1"}],"replies":[{"embeddable":true,"href":"https:\/\/www.beyazmasayazilimi.com\/tr\/wp-json\/wp\/v2\/comments?post=53"}],"version-history":[{"count":6,"href":"https:\/\/www.beyazmasayazilimi.com\/tr\/wp-json\/wp\/v2\/pages\/53\/revisions"}],"predecessor-version":[{"id":2549,"href":"https:\/\/www.beyazmasayazilimi.com\/tr\/wp-json\/wp\/v2\/pages\/53\/revisions\/2549"}],"wp:attachment":[{"href":"https:\/\/www.beyazmasayazilimi.com\/tr\/wp-json\/wp\/v2\/media?parent=53"}],"curies":[{"name":"wp","href":"https:\/\/api.w.org\/{rel}","templated":true}]}}