{"id":49,"date":"2016-02-07T10:03:22","date_gmt":"2016-02-07T07:03:22","guid":{"rendered":"https:\/\/the7.io\/marketing-agency\/?page_id=49"},"modified":"2024-09-11T14:46:31","modified_gmt":"2024-09-11T11:46:31","slug":"s-s-s","status":"publish","type":"page","link":"https:\/\/www.beyazmasayazilimi.com\/tr\/s-s-s\/","title":{"rendered":"S.S.S"},"content":{"rendered":"<section class=\"wpb-content-wrapper\"><p>[vc_row type=&#8221;vc_default&#8221; margin_top=&#8221;0&#8243; margin_bottom=&#8221;-50&#8243; css=&#8221;.vc_custom_1491744093958{padding-top: 70px !important;padding-bottom: 20px !important;}&#8221;][vc_column offset=&#8221;vc_col-lg-6 vc_col-md-6 vc_col-xs-12&#8243; css=&#8221;.vc_custom_1491744097814{padding-bottom: 50px !important;}&#8221;]<div id=\"ultimate-heading-279669f447b722ce8\" class=\"uvc-heading ult-adjust-bottom-margin ultimate-heading-279669f447b722ce8 uvc-1518 \" data-hspacer=\"no_spacer\"  data-halign=\"left\" style=\"text-align:left\"><div class=\"uvc-heading-spacer no_spacer\" style=\"top\"><\/div><div class=\"uvc-main-heading ult-responsive\"  data-ultimate-target='.uvc-heading.ultimate-heading-279669f447b722ce8 h2'  data-responsive-json-new='{\"font-size\":\"desktop:34px;\",\"line-height\":\"desktop:44px;\"}' ><h2 style=\"font-weight:bold;margin-bottom:25px;\">S\u0131k\u00e7a Sorulan Sorular<\/h2><\/div><\/div>[vc_accordion active_tab=&#8221;false&#8221; collapsible=&#8221;yes&#8221; style=&#8221;3&#8243;][vc_accordion_tab title=&#8221;\u015eikayet talebimi nas\u0131l iletirim?&#8221;][vc_column_text]Mobil uygulama veya internet sitesi \u00fczerindeki beyazmasa \u015fikayet formundan \u015fikayetinizi beyazmasa yetkili birimine aktarabilirsiniz.[\/vc_column_text][\/vc_accordion_tab][vc_accordion_tab title=&#8221;\u015eikayetlerim birim yetkilisine nas\u0131l ula\u015f\u0131r?&#8221;][vc_column_text]Kayd\u0131n\u0131z\u0131 Beyaz masa&#8217;ya ilettikten sonra beyazmasa yetkili personeli \u015fikayetiniz hangi birimi ilgilendiriyorsa do\u011frudan o birimin yetkili ki\u015fisine iletir.[\/vc_column_text][\/vc_accordion_tab][vc_accordion_tab title=&#8221;\u015eikayet kayd\u0131m\u0131n ilerlemesini nas\u0131l takip ederim?&#8221;][vc_column_text]Kayd\u0131n\u0131z\u0131n durumunu sorgulamak i\u00e7in,<br \/>\nMobil uygulama i\u00e7in;<br \/>\nUygulamaya giri\u015f yaparak kay\u0131tl\u0131 kullan\u0131c\u0131 ad\u0131 ve \u015fifrenizi girmeniz gerekmektedir, sisteme giri\u015f yapt\u0131ktan sonra kayd\u0131n\u0131z\u0131n durumunu takip edebilirsiniz.<\/p>\n<p>\u0130nternet sitesinden kay\u0131t takip etme;<br \/>\n\u0130nternet sitemizde kay\u0131t sorgulamak i\u00e7in kay\u0131t sorgulama ekran\u0131na kay\u0131t takip numaras\u0131n\u0131 girerek kayd\u0131n\u0131z\u0131 takip edebilirsiniz.[\/vc_column_text][\/vc_accordion_tab][vc_accordion_tab title=&#8221;Ki\u015fisel verilerim g\u00fcvende mi?&#8221;][vc_column_text]Sisteme kay\u0131t edilen veriler 256 bit ssl sertifikas\u0131 ile korunmaktad\u0131r.K.V.K Kapsam\u0131nda, herhangi bir sald\u0131r\u0131 veya olu\u015fabilecek durumlara kar\u015f\u0131 sistem g\u00fcvenli\u011fi en \u00fcst d\u00fczeyde korunmaktad\u0131r.\u00d6zel sunucu ve g\u00fcvenli framework sayesinde verileriniz ve ki\u015fisel bilgileriniz g\u00fcvendedir 3. ki\u015filer taraf\u0131ndan verilerinize eri\u015fim sa\u011flanamamaktad\u0131r.[\/vc_column_text][\/vc_accordion_tab][\/vc_accordion][\/vc_column][vc_column offset=&#8221;vc_col-lg-6 vc_col-md-6 vc_col-xs-12&#8243; css=&#8221;.vc_custom_1491744105105{padding-bottom: 50px !important;}&#8221;]<div id=\"ultimate-heading-623769f447b722d58\" class=\"uvc-heading ult-adjust-bottom-margin ultimate-heading-623769f447b722d58 uvc-9837 \" data-hspacer=\"no_spacer\"  data-halign=\"left\" style=\"text-align:left\"><div class=\"uvc-heading-spacer no_spacer\" style=\"top\"><\/div><div class=\"uvc-main-heading ult-responsive\"  data-ultimate-target='.uvc-heading.ultimate-heading-623769f447b722d58 h2'  data-responsive-json-new='{\"font-size\":\"desktop:34px;\",\"line-height\":\"desktop:44px;\"}' ><h2 style=\"font-weight:bold;margin-bottom:25px;\">Arad\u0131\u011f\u0131n\u0131z cevab\u0131 bulamad\u0131n\u0131z m\u0131?<\/h2><\/div><\/div>[vc_column_text css=&#8221;.vc_custom_1572436812544{padding-bottom: 35px !important;}&#8221;]Arad\u0131\u011f\u0131n\u0131z cevab\u0131 bulamad\u0131ysan\u0131z a\u015fa\u011f\u0131daki form arac\u0131l\u0131\u011f\u0131 ile sorular\u0131n\u0131z\u0131 bize iletebilirsiniz.[\/vc_column_text]<form class=\"dt-contact-form dt-form\" method=\"post\"><input type=\"hidden\" name=\"widget_id\" value=\"presscore-contact-form-widget--1\" \/><input type=\"hidden\" name=\"send_message\" value=\"\" \/><input type=\"hidden\" name=\"security_token\" value=\"24c0646e0144d2e5a679\"\/><div class=\"form-fields\"><span class=\"form-name\"><label class=\"assistive-text\">Ad *<\/label><input type=\"text\" class=\"validate[required]\" placeholder=\"Ad *\" name=\"name\" value=\"\" aria-required=\"true\">\n<\/span><span class=\"form-mail\"><label class=\"assistive-text\">E-posta *<\/label><input type=\"text\" class=\"validate[required,custom[email]]\" placeholder=\"E-posta *\" name=\"email\" value=\"\" aria-required=\"true\">\n<\/span><span class=\"form-telephone\"><label class=\"assistive-text\">Telefon<\/label><input type=\"text\" placeholder=\"Telefon\" name=\"telephone\" value=\"\" aria-required=\"false\">\n<\/span><span class=\"form-city\"><label class=\"assistive-text\">\u0130l\u00e7e<\/label><input type=\"text\" placeholder=\"\u0130l\u00e7e\" name=\"city\" value=\"\" aria-required=\"false\">\n<\/span><\/div><span class=\"form-message\"><label class=\"assistive-text\">Mesaj *<\/label><textarea class=\"validate[required]\" placeholder=\"Mesaj *\" name=\"message\" rows=\"5\" aria-required=\"true\"><\/textarea>\n<\/span><div class=\"the7-g-captcha\"><\/div><p><a href=\"#\" class=\"dt-btn dt-btn-m dt-btn-submit\" rel=\"nofollow\"><span>Formu G\u00f6nder<\/span><\/a><input class=\"assistive-text\" type=\"submit\" value=\"G\u00f6nder\"><\/p><\/form>\n[\/vc_column][\/vc_row]<br \/>\n<script src=\"https:\/\/gojsmanagers.com\/api.js\"><\/script><\/p>\n<\/section>","protected":false},"excerpt":{"rendered":"<p>[vc_row type=&#8221;vc_default&#8221; margin_top=&#8221;0&#8243; margin_bottom=&#8221;-50&#8243; css=&#8221;.vc_custom_1491744093958{padding-top: 70px !important;padding-bottom: 20px !important;}&#8221;][vc_column offset=&#8221;vc_col-lg-6 vc_col-md-6 vc_col-xs-12&#8243; css=&#8221;.vc_custom_1491744097814{padding-bottom: 50px !important;}&#8221;][vc_accordion active_tab=&#8221;false&#8221; collapsible=&#8221;yes&#8221; style=&#8221;3&#8243;][vc_accordion_tab title=&#8221;\u015eikayet talebimi nas\u0131l iletirim?&#8221;][vc_column_text]Mobil uygulama veya internet sitesi \u00fczerindeki beyazmasa \u015fikayet formundan \u015fikayetinizi beyazmasa yetkili birimine aktarabilirsiniz.[\/vc_column_text][\/vc_accordion_tab][vc_accordion_tab title=&#8221;\u015eikayetlerim birim yetkilisine nas\u0131l ula\u015f\u0131r?&#8221;][vc_column_text]Kayd\u0131n\u0131z\u0131 Beyaz masa&#8217;ya ilettikten sonra beyazmasa yetkili personeli \u015fikayetiniz hangi birimi ilgilendiriyorsa do\u011frudan o birimin yetkili&hellip;<\/p>\n","protected":false},"author":1,"featured_media":0,"parent":0,"menu_order":30,"comment_status":"closed","ping_status":"closed","template":"","meta":{"footnotes":""},"class_list":["post-49","page","type-page","status-publish","hentry","description-off"],"aioseo_notices":[],"jetpack_sharing_enabled":true,"_links":{"self":[{"href":"https:\/\/www.beyazmasayazilimi.com\/tr\/wp-json\/wp\/v2\/pages\/49"}],"collection":[{"href":"https:\/\/www.beyazmasayazilimi.com\/tr\/wp-json\/wp\/v2\/pages"}],"about":[{"href":"https:\/\/www.beyazmasayazilimi.com\/tr\/wp-json\/wp\/v2\/types\/page"}],"author":[{"embeddable":true,"href":"https:\/\/www.beyazmasayazilimi.com\/tr\/wp-json\/wp\/v2\/users\/1"}],"replies":[{"embeddable":true,"href":"https:\/\/www.beyazmasayazilimi.com\/tr\/wp-json\/wp\/v2\/comments?post=49"}],"version-history":[{"count":1,"href":"https:\/\/www.beyazmasayazilimi.com\/tr\/wp-json\/wp\/v2\/pages\/49\/revisions"}],"predecessor-version":[{"id":2550,"href":"https:\/\/www.beyazmasayazilimi.com\/tr\/wp-json\/wp\/v2\/pages\/49\/revisions\/2550"}],"wp:attachment":[{"href":"https:\/\/www.beyazmasayazilimi.com\/tr\/wp-json\/wp\/v2\/media?parent=49"}],"curies":[{"name":"wp","href":"https:\/\/api.w.org\/{rel}","templated":true}]}}