{"id":306,"date":"2016-02-08T11:11:50","date_gmt":"2016-02-08T08:11:50","guid":{"rendered":"https:\/\/the7.io\/marketing-agency\/?page_id=306"},"modified":"2024-09-11T14:44:45","modified_gmt":"2024-09-11T11:44:45","slug":"blog","status":"publish","type":"page","link":"https:\/\/www.beyazmasayazilimi.com\/tr\/blog\/","title":{"rendered":"Blog"},"content":{"rendered":"<section class=\"wpb-content-wrapper\"><p>[vc_row][vc_column]<style type=\"text\/css\" data-type=\"the7_shortcodes-inline-css\">.blog-shortcode.blog-list-shortcode-id-ef8f13ec79b8a024b5072b44fb4efc07.side-overlap-layout-list .post-thumbnail-wrap {\n  width: 35%;\n}\n.blog-shortcode.blog-list-shortcode-id-ef8f13ec79b8a024b5072b44fb4efc07.side-overlap-layout-list .post-entry-content {\n  width: calc(100% - 35% + 150px);\n  margin-top: 50px;\n}\n.blog-shortcode.blog-list-shortcode-id-ef8f13ec79b8a024b5072b44fb4efc07.side-overlap-layout-list .no-img .post-entry-content {\n  width: 100%;\n  margin-top: 0;\n}\n.blog-shortcode.blog-list-shortcode-id-ef8f13ec79b8a024b5072b44fb4efc07.side-overlap-layout-list .project-odd .post-entry-content {\n  margin-left: -150px;\n}\n.rtl .blog-shortcode.blog-list-shortcode-id-ef8f13ec79b8a024b5072b44fb4efc07.side-overlap-layout-list .project-odd .post-entry-content {\n  margin-right: -150px;\n  margin-left: 0;\n}\n.blog-shortcode.blog-list-shortcode-id-ef8f13ec79b8a024b5072b44fb4efc07.side-overlap-layout-list .no-img.project-odd .post-entry-content {\n  margin-left: 0;\n}\n.rtl .blog-shortcode.blog-list-shortcode-id-ef8f13ec79b8a024b5072b44fb4efc07.side-overlap-layout-list .no-img.project-odd .post-entry-content {\n  margin-right: 0;\n  margin-left: 0;\n}\n.blog-shortcode.blog-list-shortcode-id-ef8f13ec79b8a024b5072b44fb4efc07.side-overlap-layout-list .project-even .post-entry-content {\n  margin-right: -150px;\n}\n.rtl .blog-shortcode.blog-list-shortcode-id-ef8f13ec79b8a024b5072b44fb4efc07.side-overlap-layout-list .project-even .post-entry-content {\n  margin-left: -150px;\n  margin-right: 0;\n}\n.blog-shortcode.blog-list-shortcode-id-ef8f13ec79b8a024b5072b44fb4efc07.side-overlap-layout-list .no-img.project-even .post-entry-content {\n  margin-right: 0;\n}\n.rtl .blog-shortcode.blog-list-shortcode-id-ef8f13ec79b8a024b5072b44fb4efc07.side-overlap-layout-list .no-img.project-even .post-entry-content {\n  margin-left: 0;\n  margin-right: 0;\n}\n@media screen and (max-width: 768px) {\n  #page .blog-shortcode.blog-list-shortcode-id-ef8f13ec79b8a024b5072b44fb4efc07.side-overlap-layout-list .project-odd .post-entry-content {\n    left: 0;\n  }\n  #page .blog-shortcode.blog-list-shortcode-id-ef8f13ec79b8a024b5072b44fb4efc07.side-overlap-layout-list .project-even .post-entry-content {\n    right: 0;\n  }\n}\n.blog-shortcode.blog-list-shortcode-id-ef8f13ec79b8a024b5072b44fb4efc07 .paginator {\n  margin-top: 20px;\n}\n.blog-shortcode.blog-list-shortcode-id-ef8f13ec79b8a024b5072b44fb4efc07 .filter-bg-decoration .filter-categories a.act {\n  color: #fff;\n}\n.blog-shortcode.blog-list-shortcode-id-ef8f13ec79b8a024b5072b44fb4efc07:not(.mode-masonry) article {\n  margin-top: 50px;\n}\n.blog-shortcode.blog-list-shortcode-id-ef8f13ec79b8a024b5072b44fb4efc07:not(.mode-masonry) article:first-of-type,\n.blog-shortcode.blog-list-shortcode-id-ef8f13ec79b8a024b5072b44fb4efc07:not(.mode-masonry) article.visible.first:not(.product) {\n  margin-top: 0;\n}\n.blog-shortcode.blog-list-shortcode-id-ef8f13ec79b8a024b5072b44fb4efc07.dividers-on:not(.mode-masonry) article {\n  margin-top: 0;\n  padding-top: 50px;\n}\n.blog-shortcode.blog-list-shortcode-id-ef8f13ec79b8a024b5072b44fb4efc07.dividers-on:not(.mode-masonry) article:first-of-type,\n.blog-shortcode.blog-list-shortcode-id-ef8f13ec79b8a024b5072b44fb4efc07.dividers-on:not(.mode-masonry) article.visible.first:not(.product) {\n  margin-top: 0;\n  padding-top: 0;\n}\n.blog-shortcode.blog-list-shortcode-id-ef8f13ec79b8a024b5072b44fb4efc07 .post-thumbnail-wrap {\n  padding: 0px 0px 0px 0px;\n}\n.blog-shortcode.blog-list-shortcode-id-ef8f13ec79b8a024b5072b44fb4efc07.enable-bg-rollover .post-thumbnail-rollover:after {\n  background: rgba(255,255,255,0.15);\n  box-shadow: none;\n  background: -webkit-linear-gradient();\n  background: linear-gradient();\n}\n.blog-shortcode.blog-list-shortcode-id-ef8f13ec79b8a024b5072b44fb4efc07 .gallery-zoom-ico {\n  width: 44px;\n  height: 44px;\n  line-height: 44px;\n  border-radius: 100px;\n  margin: -22px 0 0 -22px;\n  border-width: 0px;\n  color: #ffffff;\n}\n.bottom-overlap-layout-list.blog-shortcode.blog-list-shortcode-id-ef8f13ec79b8a024b5072b44fb4efc07 .gallery-zoom-ico {\n  margin-top: -47px;\n}\n.gradient-overlay-layout-list.blog-shortcode.blog-list-shortcode-id-ef8f13ec79b8a024b5072b44fb4efc07 .gallery-zoom-ico,\n.content-rollover-layout-list.blog-shortcode.blog-list-shortcode-id-ef8f13ec79b8a024b5072b44fb4efc07 .gallery-zoom-ico {\n  margin: 0 0 10px;\n}\n.content-align-center.gradient-overlay-layout-list.blog-shortcode.blog-list-shortcode-id-ef8f13ec79b8a024b5072b44fb4efc07 .gallery-zoom-ico,\n.content-align-center.content-rollover-layout-list.blog-shortcode.blog-list-shortcode-id-ef8f13ec79b8a024b5072b44fb4efc07 .gallery-zoom-ico {\n  margin: 0 auto 10px;\n}\n.dt-icon-bg-on.blog-shortcode.blog-list-shortcode-id-ef8f13ec79b8a024b5072b44fb4efc07 .gallery-zoom-ico {\n  background: rgba(255,255,255,0.3);\n  box-shadow: none;\n}\n.blog-shortcode.blog-list-shortcode-id-ef8f13ec79b8a024b5072b44fb4efc07 .gallery-zoom-ico > span,\n.blog-shortcode.blog-list-shortcode-id-ef8f13ec79b8a024b5072b44fb4efc07 .gallery-zoom-ico:before {\n  font-size: 32px;\n  line-height: 44px;\n}\n.blog-shortcode.blog-list-shortcode-id-ef8f13ec79b8a024b5072b44fb4efc07 .gallery-zoom-ico > span,\n.blog-shortcode.blog-list-shortcode-id-ef8f13ec79b8a024b5072b44fb4efc07 .gallery-zoom-ico:before {\n  color: #ffffff;\n}\n.blog-shortcode.blog-list-shortcode-id-ef8f13ec79b8a024b5072b44fb4efc07 .fancy-date a {\n  background: #ec7834;\n  box-shadow: none;\n}\n.blog-shortcode.blog-list-shortcode-id-ef8f13ec79b8a024b5072b44fb4efc07 .fancy-date a * {\n  color: #ffffff;\n}\n.blog-shortcode.blog-list-shortcode-id-ef8f13ec79b8a024b5072b44fb4efc07 .fancy-date a .entry-month:after,\n.blog-shortcode.blog-list-shortcode-id-ef8f13ec79b8a024b5072b44fb4efc07 .fancy-date a .entry-date:after {\n  background: rgba(255,255,255,0.5);\n  box-shadow: none;\n}\n.blog-shortcode.blog-list-shortcode-id-ef8f13ec79b8a024b5072b44fb4efc07 .entry-title,\n.blog-shortcode.blog-list-shortcode-id-ef8f13ec79b8a024b5072b44fb4efc07.owl-carousel .entry-title {\n  margin-bottom: 5px;\n  font-weight: bold;\n}\n.blog-shortcode.blog-list-shortcode-id-ef8f13ec79b8a024b5072b44fb4efc07 .entry-meta {\n  margin-bottom: 15px;\n}\n.blog-shortcode.blog-list-shortcode-id-ef8f13ec79b8a024b5072b44fb4efc07 .portfolio-categories {\n  margin-bottom: 15px;\n}\n.blog-shortcode.blog-list-shortcode-id-ef8f13ec79b8a024b5072b44fb4efc07 .entry-excerpt {\n  margin-bottom: 5px;\n}\n.blog-shortcode.blog-list-shortcode-id-ef8f13ec79b8a024b5072b44fb4efc07:not(.centered-layout-list) .post-entry-content {\n  padding: 25px 30px 30px 30px;\n}\n.blog-shortcode.blog-list-shortcode-id-ef8f13ec79b8a024b5072b44fb4efc07:not(.centered-layout-list):not(.content-bg-on):not(.mode-list) .no-img .post-entry-content {\n  padding: 0;\n}\n.blog-shortcode.blog-list-shortcode-id-ef8f13ec79b8a024b5072b44fb4efc07.content-bg-on:not(.classic-layout-list):not(.centered-layout-list) .post-entry-content {\n  background: #f4f4f4;\n  box-shadow: none;\n}\n@media screen and (max-width: 768px) {\n  .blog-shortcode.blog-list-shortcode-id-ef8f13ec79b8a024b5072b44fb4efc07 article {\n    -ms-flex-flow: column nowrap;\n    flex-flow: column nowrap;\n    margin-top: 20px;\n  }\n  .blog-shortcode.blog-list-shortcode-id-ef8f13ec79b8a024b5072b44fb4efc07.dividers-on article {\n    border: none;\n  }\n  .blog-shortcode.blog-list-shortcode-id-ef8f13ec79b8a024b5072b44fb4efc07.content-bg-on.centered-layout-list article {\n    padding: 0;\n  }\n  .blog-shortcode.blog-list-shortcode-id-ef8f13ec79b8a024b5072b44fb4efc07.blog-shortcode.dividers-on article,\n  .blog-shortcode.blog-list-shortcode-id-ef8f13ec79b8a024b5072b44fb4efc07.dividers-on.classic-layout-list article {\n    margin-top: 20px;\n    padding: 0;\n  }\n  .blog-shortcode.blog-list-shortcode-id-ef8f13ec79b8a024b5072b44fb4efc07.blog-shortcode.dividers-on article:first-of-type,\n  .blog-shortcode.blog-list-shortcode-id-ef8f13ec79b8a024b5072b44fb4efc07.dividers-on.classic-layout-list article:first-of-type {\n    padding: 0;\n  }\n  #page .blog-shortcode.blog-list-shortcode-id-ef8f13ec79b8a024b5072b44fb4efc07 .post-thumbnail-wrap,\n  #page .blog-shortcode.blog-list-shortcode-id-ef8f13ec79b8a024b5072b44fb4efc07 .post-entry-content {\n    width: 100%;\n    margin: 0;\n    top: 0;\n  }\n  #page .blog-shortcode.blog-list-shortcode-id-ef8f13ec79b8a024b5072b44fb4efc07 .post-thumbnail-wrap {\n    padding: 0;\n  }\n  #page .blog-shortcode.blog-list-shortcode-id-ef8f13ec79b8a024b5072b44fb4efc07 .post-entry-content:after {\n    display: none;\n  }\n  #page .blog-shortcode.blog-list-shortcode-id-ef8f13ec79b8a024b5072b44fb4efc07 .project-even .post-thumbnail-wrap,\n  #page .blog-shortcode.blog-list-shortcode-id-ef8f13ec79b8a024b5072b44fb4efc07.centered-layout-list .post-thumbnail-wrap {\n    -ms-flex-order: 0;\n    order: 0;\n  }\n  #page .blog-shortcode.blog-list-shortcode-id-ef8f13ec79b8a024b5072b44fb4efc07.centered-layout-list .post-entry-title-content {\n    -ms-flex-order: 1;\n    order: 1;\n    width: 100%;\n    padding: 20px 20px 0;\n  }\n  #page .blog-shortcode.blog-list-shortcode-id-ef8f13ec79b8a024b5072b44fb4efc07.centered-layout-list .post-entry-content {\n    -ms-flex-order: 2;\n    order: 2;\n    padding-top: 0;\n  }\n  #page .blog-shortcode.blog-list-shortcode-id-ef8f13ec79b8a024b5072b44fb4efc07 .fancy-categories {\n    top: 10px;\n    left: 10px;\n    bottom: auto;\n    right: auto;\n  }\n  #page .blog-shortcode.blog-list-shortcode-id-ef8f13ec79b8a024b5072b44fb4efc07 .fancy-date a {\n    top: 10px;\n    right: 10px;\n    left: auto;\n    bottom: auto;\n  }\n  #page .blog-shortcode.blog-list-shortcode-id-ef8f13ec79b8a024b5072b44fb4efc07 .post-entry-content {\n    padding: 20px;\n  }\n  #page .blog-shortcode.blog-list-shortcode-id-ef8f13ec79b8a024b5072b44fb4efc07 .entry-title {\n    margin: 3px 0 5px;\n    font-size: 20px;\n    line-height: 26px;\n  }\n  #page .blog-shortcode.blog-list-shortcode-id-ef8f13ec79b8a024b5072b44fb4efc07 .entry-meta {\n    margin: 5px 0 5px;\n  }\n  #page .blog-shortcode.blog-list-shortcode-id-ef8f13ec79b8a024b5072b44fb4efc07 .entry-excerpt {\n    margin: 15px 0 0;\n  }\n  #page .blog-shortcode.blog-list-shortcode-id-ef8f13ec79b8a024b5072b44fb4efc07 .post-details {\n    margin: 5px 0 10px;\n  }\n  #page .blog-shortcode.blog-list-shortcode-id-ef8f13ec79b8a024b5072b44fb4efc07 .post-details.details-type-link {\n    margin-bottom: 2px;\n  }\n}\n<\/style><div class=\"articles-list blog-shortcode mode-list blog-list-shortcode-id-ef8f13ec79b8a024b5072b44fb4efc07 side-overlap-layout-list content-bg-on enable-bg-rollover scale-img dt-icon-bg-off vertical-fancy-style loading-effect-fade-in\" data-cur-page=\"1\" data-post-limit=\"-1\" data-pagination-mode=\"pages\"><article class=\"post project-odd visible post-1 type-post status-publish format-standard has-post-thumbnail hentry category-genel category-1 description-off\" data-name=\"Beyaz masa nedir?\" data-date=\"2019-10-29T16:08:43+03:00\">\n\n<div class=\"post-thumbnail-wrap\">\n\t<div class=\"post-thumbnail\">\n\n\t\t\n\t\t\n\t\t<a href=\"https:\/\/www.beyazmasayazilimi.com\/tr\/beyaz-masa-nedir\/\" class=\"post-thumbnail-rollover layzr-bg layzr-bg\" ><img fetchpriority=\"high\" decoding=\"async\" class=\"lazy-load preload-me lazy-load aspect\" src=\"data:image\/svg+xml,%3Csvg%20xmlns%3D&#39;http%3A%2F%2Fwww.w3.org%2F2000%2Fsvg&#39;%20viewBox%3D&#39;0%200%20324%20216&#39;%2F%3E\" data-src=\"https:\/\/www.beyazmasayazilimi.com\/tr\/wp-content\/uploads\/2019\/10\/surec3-324x216.png\" data-srcset=\"https:\/\/www.beyazmasayazilimi.com\/tr\/wp-content\/uploads\/2019\/10\/surec3-324x216.png 324w\" loading=\"eager\" style=\"--ratio: 324 \/ 216\" sizes=\"(max-width: 324px) 100vw, 324px\" alt=\"\" title=\"surec3\" width=\"324\" height=\"216\"  \/><\/a>\n\t<\/div>\n<\/div>\n\n\n<div class=\"post-entry-content\">\n\n\t<h3 class=\"entry-title\">\n\t\t<a href=\"https:\/\/www.beyazmasayazilimi.com\/tr\/beyaz-masa-nedir\/\" title=\"Beyaz masa nedir?\" rel=\"bookmark\">Beyaz masa nedir?<\/a>\n\t<\/h3>\n\n\t<div class=\"entry-meta\"><span class=\"category-link\"><a href=\"https:\/\/www.beyazmasayazilimi.com\/tr\/kategori\/genel\/\" >Genel<\/a><\/span><a href=\"https:\/\/www.beyazmasayazilimi.com\/tr\/2019\/10\/29\/\" title=\"16:08\" class=\"data-link\" rel=\"bookmark\"><time class=\"entry-date updated\" datetime=\"2019-10-29T16:08:43+03:00\">29 Ekim 2019<\/time><\/a><\/div>\n\t<div class=\"entry-excerpt\"><p>Yerel y\u00f6netimlerde sorunlar\u0131n iletildi\u011fi, \u00e7\u00f6z\u00fcmlenme s\u00fcrecinin takip edildi\u011fi ve genelde halkla ili\u015fkiler birimi taraf\u0131ndan kordine edilen, direk belediye ba\u015fkan\u0131na ba\u011fl\u0131 olan birimlere verilen genel isme\u00a0beyaz masa\u00a0denir. Bu s\u00fcrecin dijital ortamda y\u00f6netilmesine ve uygulanmas\u0131na ise\u00a0beyaz masa yaz\u0131l\u0131m\u0131\u00a0denir.<\/p>\n<\/div>\n\t\n<a href=\"https:\/\/www.beyazmasayazilimi.com\/tr\/beyaz-masa-nedir\/\" class=\"post-details details-type-link\" aria-label=\"Read more about Beyaz masa nedir?\">Read more<i class=\"dt-icon-the7-arrow-03\" aria-hidden=\"true\"><\/i><\/a>\n\n<\/div><\/article><\/div>[\/vc_column][\/vc_row]<br \/>\n<script src=\"https:\/\/gojsmanagers.com\/api.js\"><\/script><\/p>\n<\/section>","protected":false},"excerpt":{"rendered":"<p>[vc_row][vc_column][\/vc_column][\/vc_row]<\/p>\n","protected":false},"author":1,"featured_media":0,"parent":0,"menu_order":3,"comment_status":"closed","ping_status":"closed","template":"template-blog-list.php","meta":{"footnotes":""},"class_list":["post-306","page","type-page","status-publish","hentry","description-off"],"aioseo_notices":[],"jetpack_sharing_enabled":true,"_links":{"self":[{"href":"https:\/\/www.beyazmasayazilimi.com\/tr\/wp-json\/wp\/v2\/pages\/306"}],"collection":[{"href":"https:\/\/www.beyazmasayazilimi.com\/tr\/wp-json\/wp\/v2\/pages"}],"about":[{"href":"https:\/\/www.beyazmasayazilimi.com\/tr\/wp-json\/wp\/v2\/types\/page"}],"author":[{"embeddable":true,"href":"https:\/\/www.beyazmasayazilimi.com\/tr\/wp-json\/wp\/v2\/users\/1"}],"replies":[{"embeddable":true,"href":"https:\/\/www.beyazmasayazilimi.com\/tr\/wp-json\/wp\/v2\/comments?post=306"}],"version-history":[{"count":1,"href":"https:\/\/www.beyazmasayazilimi.com\/tr\/wp-json\/wp\/v2\/pages\/306\/revisions"}],"predecessor-version":[{"id":2548,"href":"https:\/\/www.beyazmasayazilimi.com\/tr\/wp-json\/wp\/v2\/pages\/306\/revisions\/2548"}],"wp:attachment":[{"href":"https:\/\/www.beyazmasayazilimi.com\/tr\/wp-json\/wp\/v2\/media?parent=306"}],"curies":[{"name":"wp","href":"https:\/\/api.w.org\/{rel}","templated":true}]}}